{"id":244,"date":"2024-09-10T15:02:52","date_gmt":"2024-09-10T06:02:52","guid":{"rendered":"http:\/\/hayashizouendoboku.com\/?page_id=244"},"modified":"2025-03-02T18:14:20","modified_gmt":"2025-03-02T09:14:20","slug":"contact","status":"publish","type":"page","link":"https:\/\/hayashizouendoboku.com\/?page_id=244","title":{"rendered":"\u304a\u554f\u3044\u5408\u308f\u305b"},"content":{"rendered":"\n<div class=\"wp-block-columns\">\n<div class=\"wp-block-column has-white-background-color has-background\">\n<div style=\"height:30px\" aria-hidden=\"true\" class=\"wp-block-spacer\"><\/div>\n\n\n\n<p class=\"has-text-align-center u-mb-ctrl u-mb-20 is-style-balloon_box2\">\u304a\u96fb\u8a71\u3067\u306e\u304a\u554f\u3044\u5408\u308f\u305b\u306f\u3053\u3061\u3089<\/p>\n\n\n\n<p class=\"has-text-align-center\"><a href=\"tel:0774-64-7797\"><img decoding=\"async\" width=\"180\" height=\"30\" class=\"wp-image-371\" style=\"width: 180px;\" src=\"http:\/\/hayashizouendoboku.com\/wp-content\/uploads\/2024\/09\/tel3.png\" alt=\"\" srcset=\"https:\/\/hayashizouendoboku.com\/wp-content\/uploads\/2024\/09\/tel3.png 321w, https:\/\/hayashizouendoboku.com\/wp-content\/uploads\/2024\/09\/tel3-300x50.png 300w\" sizes=\"(max-width: 180px) 100vw, 180px\" \/><\/a><\/p>\n\n\n\n<hr class=\"wp-block-separator has-alpha-channel-opacity is-style-wide\"\/>\n\n\n\n<p class=\"has-text-align-center u-mb-ctrl u-mb-20 is-style-balloon_box2\">\u30e1\u30fc\u30eb\u3067\u306e\u304a\u554f\u3044\u5408\u308f\u305b\u306f\u3053\u3061\u3089<\/p>\n\n\n\n<p class=\"has-text-align-center\">\u4e0b\u8a18\u30d5\u30a9\u30fc\u30e0\u3088\u308a\u5fc5\u8981\u4e8b\u9805\u3092\u3054\u8a18\u5165\u306e\u4e0a\u3001\u304a\u554f\u3044\u5408\u308f\u305b\u304f\u3060\u3055\u3044\u3002<br>\u304a\u554f\u3044\u5408\u308f\u305b\u3044\u305f\u3060\u3044\u305f\u5185\u5bb9\u306b\u3064\u304d\u307e\u3057\u3066\u306f\u6539\u3081\u3066\u304a\u8fd4\u4e8b\u3044\u305f\u3057\u307e\u3059\u3002<\/p>\n\n\n\n<div class=\"wpcf7 no-js\" id=\"wpcf7-f12-o1\" lang=\"ja\" dir=\"ltr\" data-wpcf7-id=\"12\">\n<div class=\"screen-reader-response\"><p role=\"status\" aria-live=\"polite\" aria-atomic=\"true\"><\/p> <ul><\/ul><\/div>\n<form action=\"\/index.php?rest_route=%2Fwp%2Fv2%2Fpages%2F244#wpcf7-f12-o1\" method=\"post\" class=\"wpcf7-form init\" aria-label=\"\u30b3\u30f3\u30bf\u30af\u30c8\u30d5\u30a9\u30fc\u30e0\" novalidate=\"novalidate\" data-status=\"init\">\n<fieldset class=\"hidden-fields-container\"><input type=\"hidden\" name=\"_wpcf7\" value=\"12\" \/><input type=\"hidden\" name=\"_wpcf7_version\" value=\"6.1.5\" \/><input type=\"hidden\" name=\"_wpcf7_locale\" value=\"ja\" \/><input type=\"hidden\" name=\"_wpcf7_unit_tag\" value=\"wpcf7-f12-o1\" \/><input type=\"hidden\" name=\"_wpcf7_container_post\" value=\"0\" \/><input type=\"hidden\" name=\"_wpcf7_posted_data_hash\" value=\"\" \/><input type=\"hidden\" name=\"_wpcf7_recaptcha_response\" value=\"\" \/>\n<\/fieldset>\n<table class=\"CF7_table\">\n\t<tr>\n\t\t<th>\n\t\t\t<p><span class=\"CF7_req\">\u5fc5\u9808<\/span> \u3054\u76f8\u8ac7\u5185\u5bb9\n\t\t\t<\/p>\n\t\t<\/th>\n\t\t<td>\n\t\t\t<p><span class=\"wpcf7-form-control-wrap\" data-name=\"checkbox-inq\"><span class=\"wpcf7-form-control wpcf7-checkbox wpcf7-validates-as-required\"><span class=\"wpcf7-list-item first\"><input type=\"checkbox\" name=\"checkbox-inq[]\" value=\"\u3054\u76f8\u8ac7\" \/><span class=\"wpcf7-list-item-label\">\u3054\u76f8\u8ac7<\/span><\/span><span class=\"wpcf7-list-item\"><input type=\"checkbox\" name=\"checkbox-inq[]\" value=\"\u304a\u898b\u7a4d\u3082\u308a\" \/><span class=\"wpcf7-list-item-label\">\u304a\u898b\u7a4d\u3082\u308a<\/span><\/span><span class=\"wpcf7-list-item\"><input type=\"checkbox\" name=\"checkbox-inq[]\" value=\"\u304a\u554f\u3044\u5408\u308f\u305b\" \/><span class=\"wpcf7-list-item-label\">\u304a\u554f\u3044\u5408\u308f\u305b<\/span><\/span><span class=\"wpcf7-list-item\"><input type=\"checkbox\" name=\"checkbox-inq[]\" value=\"\u6c42\u4eba\" \/><span class=\"wpcf7-list-item-label\">\u6c42\u4eba<\/span><\/span><span class=\"wpcf7-list-item last\"><input type=\"checkbox\" name=\"checkbox-inq[]\" value=\"\u305d\u306e\u4ed6\" \/><span class=\"wpcf7-list-item-label\">\u305d\u306e\u4ed6<\/span><\/span><\/span><\/span>\n\t\t\t<\/p>\n\t\t<\/td>\n\t<\/tr>\n\t<tr>\n\t\t<th>\n\t\t\t<p><span class=\"CF7_req\">\u5fc5\u9808<\/span> \u304a\u540d\u524d\n\t\t\t<\/p>\n\t\t<\/th>\n\t\t<td>\n\t\t\t<p><span class=\"wpcf7-form-control-wrap\" data-name=\"your-name\"><input size=\"40\" maxlength=\"400\" class=\"wpcf7-form-control wpcf7-text wpcf7-validates-as-required\" aria-required=\"true\" aria-invalid=\"false\" placeholder=\"\u4f8b\uff1a\u3042\u306a\u305f\u306e\u304a\u540d\u524d\" value=\"\" type=\"text\" name=\"your-name\" \/><\/span>\n\t\t\t<\/p>\n\t\t<\/td>\n\t<\/tr>\n\t<tr>\n\t\t<th>\n\t\t\t<p><span class=\"CF7_req\">\u5fc5\u9808<\/span> \u30e1\u30fc\u30eb\u30a2\u30c9\u30ec\u30b9\n\t\t\t<\/p>\n\t\t<\/th>\n\t\t<td>\n\t\t\t<p><span class=\"wpcf7-form-control-wrap\" data-name=\"your-email\"><input size=\"40\" maxlength=\"400\" class=\"wpcf7-form-control wpcf7-email wpcf7-validates-as-required wpcf7-text wpcf7-validates-as-email\" aria-required=\"true\" aria-invalid=\"false\" placeholder=\"\u4f8b\uff1a\u00d7\u00d7\u00d7@\u00d7\u00d7\u00d7.com\" value=\"\" type=\"email\" name=\"your-email\" \/><\/span>\n\t\t\t<\/p>\n\t\t<\/td>\n\t<\/tr>\n\t<tr>\n\t\t<th>\n\t\t\t<p><span class=\"CF7_unreq\">\u4efb\u610f<\/span>\u4f1a\u793e\u540d\n\t\t\t<\/p>\n\t\t<\/th>\n\t\t<td>\n\t\t\t<p><span class=\"wpcf7-form-control-wrap\" data-name=\"your-company\"><input size=\"40\" maxlength=\"400\" class=\"wpcf7-form-control wpcf7-text\" aria-invalid=\"false\" placeholder=\"\u4f8b\uff1a\u25ef\u25ef\u682a\u5f0f\u4f1a\u793e\" value=\"\" type=\"text\" name=\"your-company\" \/><\/span>\n\t\t\t<\/p>\n\t\t<\/td>\n\t<\/tr>\n\t<tr>\n\t\t<th>\n\t\t\t<p><span class=\"CF7_req\">\u5fc5\u9808<\/span>\u90f5\u4fbf\u756a\u53f7\n\t\t\t<\/p>\n\t\t<\/th>\n\t\t<td>\n\t\t\t<p><span class=\"wpcf7-form-control-wrap\" data-name=\"zip\"><input size=\"40\" maxlength=\"400\" class=\"wpcf7-form-control wpcf7-text wpcf7-validates-as-required\" id=\"zip\" aria-required=\"true\" aria-invalid=\"false\" placeholder=\"\u4f8b\uff1a123-4567\" value=\"\" type=\"text\" name=\"zip\" \/><\/span>\n\t\t\t<\/p>\n\t\t<\/td>\n\t<\/tr>\n\t<tr>\n\t\t<th>\n\t\t\t<p><span class=\"CF7_req\">\u5fc5\u9808<\/span>\u3054\u4f4f\u6240\n\t\t\t<\/p>\n\t\t<\/th>\n\t\t<td class=\"address-100\">\n\t\t\t<p><span class=\"wpcf7-form-control-wrap\" data-name=\"addr\"><input size=\"40\" maxlength=\"400\" class=\"wpcf7-form-control wpcf7-text wpcf7-validates-as-required\" id=\"addr\" aria-required=\"true\" aria-invalid=\"false\" placeholder=\"\u4f8b\uff1a\u4eac\u90fd\u5e9c\u4eac\u7530\u8fba\u5e02\uff11\uff12\uff13\uff14\uff15\" value=\"\" type=\"text\" name=\"addr\" \/><\/span>\n\t\t\t<\/p>\n\t\t<\/td>\n\t<\/tr>\n\t<tr>\n\t\t<th>\n\t\t\t<p><span class=\"CF7_req\">\u5fc5\u9808<\/span>\u304a\u96fb\u8a71\u756a\u53f7\n\t\t\t<\/p>\n\t\t<\/th>\n\t\t<td>\n\t\t\t<p><span class=\"wpcf7-form-control-wrap\" data-name=\"your-tel\"><input size=\"40\" maxlength=\"400\" class=\"wpcf7-form-control wpcf7-text wpcf7-validates-as-required\" aria-required=\"true\" aria-invalid=\"false\" placeholder=\"\u4f8b\uff1a00-1234-5678\" value=\"\" type=\"text\" name=\"your-tel\" \/><\/span>\n\t\t\t<\/p>\n\t\t<\/td>\n\t<\/tr>\n\t<tr>\n\t\t<th>\n\t\t\t<p><span class=\"CF7_req\">\u5fc5\u9808<\/span>\u30e1\u30c3\u30bb\u30fc\u30b8\u672c\u6587\n\t\t\t<\/p>\n\t\t<\/th>\n\t\t<td class=\"message-100\">\n\t\t\t<p><span class=\"wpcf7-form-control-wrap\" data-name=\"your-message\"><textarea cols=\"40\" rows=\"10\" maxlength=\"2000\" class=\"wpcf7-form-control wpcf7-textarea wpcf7-validates-as-required\" aria-required=\"true\" aria-invalid=\"false\" placeholder=\"\u304a\u554f\u3044\u5408\u308f\u305b\u5185\u5bb9\u3092\u3054\u8a18\u5165\u304f\u3060\u3055\u3044\" name=\"your-message\"><\/textarea><\/span>\n\t\t\t<\/p>\n\t\t<\/td>\n\t<\/tr>\n<\/table>\n<p class=\"CF7_btn\"><input class=\"wpcf7-form-control wpcf7-submit has-spinner\" type=\"submit\" value=\"\u9001\u4fe1\u3059\u308b\" \/>\n<\/p><div class=\"wpcf7-response-output\" aria-hidden=\"true\"><\/div>\n<\/form>\n<\/div>\n\n\n\n\n<p class=\"has-text-align-center u-mb-ctrl u-mb-0 has-small-font-size\">\u672c\u30d5\u30a9\u30fc\u30e0\u3088\u308a\u304a\u554f\u3044\u5408\u308f\u305b\u3092\u9001\u4fe1\u5f8c\u3001\u6298\u308a\u8fd4\u3057\u300c\u78ba\u8a8d\u30e1\u30fc\u30eb\u300d\u3092\u3054\u767b\u9332\u30a2\u30c9\u30ec\u30b9\u5b9b\u306b\u9001\u4fe1\u3044\u305f\u3057\u307e\u3059\u3002<\/p>\n\n\n\n<div style=\"height:50px\" aria-hidden=\"true\" class=\"wp-block-spacer\"><\/div>\n<\/div>\n<\/div>\n\n\n\n<p>\u672c\u30d5\u30a9\u30fc\u30e0\u3088\u308a\u304a\u554f\u3044\u5408\u308f\u305b\u3044\u305f\u3060\u304d\u307e\u3059\u3068\u78ba\u8a8d\u30e1\u30fc\u30eb\u3092\u3054\u767b\u9332\u30a2\u30c9\u30ec\u30b9\u5b9b\u3066\u306b\u5373\u6642\u306b\u9001\u4fe1\u3044\u305f\u3057\u307e\u3059\u3002<br>\u3057\u3070\u3089\u304f\u3057\u3066\u3082\u30e1\u30fc\u30eb\u304c\u5c4a\u304b\u306a\u3044\u5834\u5408\u3001\u30e1\u30fc\u30eb\u30a2\u30c9\u30ec\u30b9\u304c\u9593\u9055\u3063\u3066\u5165\u529b\u3055\u308c\u305f\u53ef\u80fd\u6027\u304c\u3042\u308a\u307e\u3059\u3002 \u30a2\u30c9\u30ec\u30b9\u3092\u3054\u78ba\u8a8d\u306e\u4e0a\u3001\u518d\u5ea6\u3054\u9001\u4fe1\u304f\u3060\u3055\u3044\u3002 \u30d7\u30ed\u30d0\u30a4\u30c0\u306e\u8a2d\u5b9a\u306b\u3088\u308a\u3001\u5f0a\u793e\u304b\u3089\u306e\u30e1\u30fc\u30eb\u304c\u8ff7\u60d1\u30e1\u30fc\u30eb\u30d5\u30a9\u30eb\u30c0\u306b\u81ea\u52d5\u3067\u79fb\u3055\u308c\u308b\u304b\u3001 \u81ea\u52d5\u7684\u306b\u524a\u9664\u3055\u308c\u308b\u5834\u5408\u304c\u3054\u3056\u3044\u307e\u3059\u3002 \u304a\u624b\u6570\u3067\u3059\u304c\u3001\u8ff7\u60d1\u30e1\u30fc\u30eb\u30d5\u30a9\u30eb\u30c0\u3001\u3082\u3057\u304f\u306f\u8ff7\u60d1\u30e1\u30fc\u30eb\u306e\u8a2d\u5b9a\u3092\u3054\u78ba\u8a8d\u304f\u3060\u3055\u3044\u3002<br>\u307e\u305f\u3001\u6570\u65e5\u7d4c\u3063\u3066\u3082\u5f0a\u793e\u3088\u308a\u9023\u7d61\u304c\u306a\u3044\u5834\u5408\u306f\u4e0d\u5177\u5408\u306b\u3088\u308a\u30e1\u30fc\u30eb\u304c\u5c4a\u3044\u3066\u3044\u306a\u3044\u5834\u5408\u304c\u3054\u3056\u3044\u307e\u3059\u3002\u305d\u306e\u5834\u5408\u306f\u304a\u624b\u6570\u3067\u3059\u304c\u5f0a\u793e\u307e\u3067\u304a\u96fb\u8a71\u4e0b\u3055\u3044\u307e\u3059\u3088\u3046\u304a\u9858\u3044\u81f4\u3057\u307e\u3059\u3002<\/p>\n","protected":false},"excerpt":{"rendered":"<p>\u304a\u96fb\u8a71\u3067\u306e\u304a\u554f\u3044\u5408\u308f\u305b\u306f\u3053\u3061\u3089 \u30e1\u30fc\u30eb\u3067\u306e\u304a\u554f\u3044\u5408\u308f\u305b\u306f\u3053\u3061\u3089 \u4e0b\u8a18\u30d5\u30a9\u30fc\u30e0\u3088\u308a\u5fc5\u8981\u4e8b\u9805\u3092\u3054\u8a18\u5165\u306e\u4e0a\u3001\u304a\u554f\u3044\u5408\u308f\u305b\u304f\u3060\u3055\u3044\u3002\u304a\u554f\u3044\u5408\u308f\u305b\u3044\u305f\u3060\u3044\u305f\u5185\u5bb9\u306b\u3064\u304d\u307e\u3057\u3066\u306f\u6539\u3081\u3066\u304a\u8fd4\u4e8b\u3044\u305f\u3057\u307e\u3059\u3002 \u672c\u30d5\u30a9\u30fc\u30e0\u3088\u308a\u304a\u554f\u3044\u5408\u308f\u305b\u3092\u9001 [&hellip;]<\/p>\n","protected":false},"author":3,"featured_media":0,"parent":0,"menu_order":0,"comment_status":"closed","ping_status":"closed","template":"","meta":{"swell_btn_cv_data":"","footnotes":""},"class_list":["post-244","page","type-page","status-publish","hentry"],"_links":{"self":[{"href":"https:\/\/hayashizouendoboku.com\/index.php?rest_route=\/wp\/v2\/pages\/244","targetHints":{"allow":["GET"]}}],"collection":[{"href":"https:\/\/hayashizouendoboku.com\/index.php?rest_route=\/wp\/v2\/pages"}],"about":[{"href":"https:\/\/hayashizouendoboku.com\/index.php?rest_route=\/wp\/v2\/types\/page"}],"author":[{"embeddable":true,"href":"https:\/\/hayashizouendoboku.com\/index.php?rest_route=\/wp\/v2\/users\/3"}],"replies":[{"embeddable":true,"href":"https:\/\/hayashizouendoboku.com\/index.php?rest_route=%2Fwp%2Fv2%2Fcomments&post=244"}],"version-history":[{"count":30,"href":"https:\/\/hayashizouendoboku.com\/index.php?rest_route=\/wp\/v2\/pages\/244\/revisions"}],"predecessor-version":[{"id":804,"href":"https:\/\/hayashizouendoboku.com\/index.php?rest_route=\/wp\/v2\/pages\/244\/revisions\/804"}],"wp:attachment":[{"href":"https:\/\/hayashizouendoboku.com\/index.php?rest_route=%2Fwp%2Fv2%2Fmedia&parent=244"}],"curies":[{"name":"wp","href":"https:\/\/api.w.org\/{rel}","templated":true}]}}